{"id":3,"date":"2024-04-03T12:34:37","date_gmt":"2024-04-03T12:34:37","guid":{"rendered":"http:\/\/new.gaysauna.lt\/?page_id=3"},"modified":"2024-04-17T09:45:57","modified_gmt":"2024-04-17T06:45:57","slug":"privatumo-politika","status":"publish","type":"page","link":"https:\/\/gaysauna.lt\/en\/privatumo-politika\/","title":{"rendered":"Privacy policy (in Lithuanian)"},"content":{"rendered":"<h2 class=\"wp-block-heading\">Kas mes esame<\/h2>\n\n\n\n<p>Glamour g\u0117j\u0173 sauna, adresas T. \u0160ev\u010denkos g. 16i, Vilnius. M\u016bs\u0173 tinklalapio adresas yra: http:\/\/www.gaysauna.lt<\/p>\n\n\n\n<h2 class=\"wp-block-heading\">Slapukai (cookies)<\/h2>\n\n\n\n<p>We use cookies to help you navigate efficiently and perform certain functions. You will find detailed information about all cookies under each consent category below.<\/p>\n\n\n\n<p>Dauguma nar\u0161ykli\u0173 leid\u017eia atmesti visus slapukus, o kai kuriose nar\u0161ykl\u0117se yra galimyb\u0117 atmesti tik tre\u010di\u0173j\u0173 \u0161ali\u0173 slapukus. Tad J\u016bs galite pasinaudoti \u0161iomis galimyb\u0117mis. Ta\u010diau atkreipkite d\u0117mes\u012f \u012f tai, kad vis\u0173 slapuk\u0173 blokavimas tur\u0117s neigiam\u0105 poveik\u012f interneto svetain\u0117s naudojimui, ir be slapuk\u0173 J\u016bs negal\u0117site naudotis visomis Interneto svetain\u0117je teikiamomis paslaugomis. I\u0161samesn\u0117 informacija pateikta adresu&nbsp;<a href=\"http:\/\/allaboutcookies.org\/\">AllAboutCookies.org<\/a>&nbsp;arba&nbsp;<a href=\"http:\/\/www.google.com\/privacy_ads.html\">www.google.com\/privacy_ads.html<\/a>.<\/p>\n\n\n\n<p>Mes galime naudoti toliau apib\u016bdintus slapukus:<\/p>\n\n\n\n<figure class=\"wp-block-table\"><table><thead><tr><th>Slapuko pavadinimas<\/th><th>Duomen\u0173 tvarkymo tikslas\/paskirtis<\/th><th>Slapuko pob\u016bdis (b\u016btinas, analitinis, funkcinis, komercinis)<\/th><th>Galiojimo laikas<\/th><\/tr><\/thead><tbody><tr><td>_ga<\/td><td>\u0160\u012f slapuk\u0105 \u012fdiegia \u201eGoogle Analytics\u201c. Slapukas renka informacij\u0105 apie vartotoj\u0173 elgsen\u0105 svetain\u0117je ir yra naudojamas siekiant i\u0161saugoti statistin\u0119 informacij\u0105<\/td><td>Analitinis<\/td><td>2 metai<\/td><\/tr><tr><td>_gid<\/td><td>\u0160\u012f slapuk\u0105 \u012fdiegia \u201eGoogle Analytics\u201c. Slapukas renka informacij\u0105 apie vartotoj\u0173 elgsen\u0105 svetain\u0117je ir yra naudojamas siekiant i\u0161saugoti statistin\u0119 informacij\u0105<\/td><td>Analitinis<\/td><td>1 diena<\/td><\/tr><tr><td>_ga_247D9RKR7C<\/td><td>\u0160\u012f slapuk\u0105 \u012fdiegia \u201eGoogle Analytics\u201c. Slapukas renka informacij\u0105 apie vartotoj\u0173 elgsen\u0105 svetain\u0117je ir yra naudojamas siekiant i\u0161saugoti statistin\u0119 informacij\u0105<\/td><td>Analitinis<\/td><td>2 metai<\/td><\/tr><tr><td>age_gate<\/td><td>Slapukas naudojamas svetain\u0117s lankytojo am\u017eiaus patvirtinimui<\/td><td>B\u016btinas<\/td><td>30 dien\u0173<\/td><\/tr><tr><td>pll_language<\/td><td>Slapukas naudojamas siekiant svetain\u0117s lankytojui pateikti turin\u012f jam priimtina kalba<\/td><td>B\u016btinas<\/td><td>1 metai<\/td><\/tr><tr><td>cookieyes-consent<\/td><td>I\u0161saugo lankytojo slapuk\u0173 sutikimo b\u016bsen\u0105<\/td><td>B\u016btinas<\/td><td>1 metai<\/td><\/tr><\/tbody><\/table><\/figure>\n\n\n\n<h2 class=\"wp-block-heading\">Asmens duomenys<\/h2>\n\n\n\n<p>Asmens duomenys yra bet kokia Glamour g\u0117j\u0173 saunos apie Duomen\u0173 subjekt\u0105 renkama informacija, kuri gali b\u016bti panaudota Duomen\u0173 subjekto asmens tapatybei nustatyti bei yra saugoma elektroniniu ar kitu b\u016bdu.<\/p>\n\n\n\n<p>Asmens duomenys apima bet koki\u0105 informacij\u0105, \u012fskaitant Duomen\u0173 subjekto vard\u0105, pavard\u0119, tel. numer\u012f, informacij\u0105 apie apsilankymus ir kt., kuri\u0105 apie Duomen\u0173 subjektus Glamour g\u0117j\u0173 sauna renka d\u0117l \u0161ioje Privatumo politikoje nurodyt\u0173 tiksl\u0173.<\/p>\n\n\n\n<h2 class=\"wp-block-heading\">Kaip ilgai mes saugome J\u016bs\u0173 duomenis<\/h2>\n\n\n\n<figure class=\"wp-block-table\"><table><thead><tr><th class=\"has-text-align-left\" data-align=\"left\">Duomen\u0173 subjekt\u0173 kategorijos<\/th><th>Duomen\u0173 tvarkymo teisinis pagrindas (BDAR 6 straipsnis)<\/th><th>Asmens duomen\u0173 kategorijos<\/th><th>Duomen\u0173 gav\u0117jai (valdytojai)<\/th><th>Duomen\u0173 gav\u0117jai (tvarkytojai)<\/th><th>Duomen\u0173 saugojimo, i\u0161trynimo terminai<\/th><\/tr><\/thead><tbody><tr><td class=\"has-text-align-left\" data-align=\"left\" colspan=\"6\"><strong>Tiesiogin\u0117 rinkodara (infomacija apie Glamour g\u0117j\u0173 saunos renginius ir darbo laik\u0105; kita informacija apie Glamour g\u0117j\u0173 saun\u0105)<\/strong><\/td><\/tr><tr><td class=\"has-text-align-left\" data-align=\"left\">Asmenys, kurie sutiko, kad j\u0173 at\u017evilgiu b\u016bt\u0173 vykdoma tiesiogin\u0117 rinkodara u\u017epildydami form\u0105 www.gaysauna.lt interneto svetain\u0117je<\/td><td>BDAR 6 straipsnis 1 dalies a punktas (sutikimas)<\/td><td>Vardas, tel. numeris, IP adresas.<\/td><td>no cookies<\/td><td>no cookies<\/td><td>Asmens duomenys saugomi 1 metus nuo sutikimo davimo<\/td><\/tr><tr><td class=\"has-text-align-left\" data-align=\"left\">Asmenys, apsilank\u0119 Glamour g\u0117j\u0173 saunoje ir sutik\u0119, kad j\u0173 asmens duomenys b\u016bt\u0173 tvarkomi teis\u0117to intereso pagrindu<\/td><td>BDAR 6 straipsnis 1 dalies a punktas (sutikimas)<\/td><td>Vardas, tel. numeris<\/td><td>no cookies<\/td><td>no cookies<\/td><td>Asmens duomenys saugomi 1 metus nuo sutikimo davimo<\/td><\/tr><\/tbody><\/table><\/figure>\n\n\n\n<h2 class=\"wp-block-heading\">J\u016bs\u0173 teis\u0117s<\/h2>\n\n\n\n<p>Jei mes saugome ar bet kokiu b\u016bdu naudojame J\u016bs\u0173 asmens duomenis, J\u016bs turite teis\u0119 su jais susipa\u017einti. Nor\u0117dami tai padaryti, pateikite mums ra\u0161ytin\u012f pra\u0161ym\u0105 m\u016bs\u0173 svetain\u0117je nurodytu el. pa\u0161to adresu, patvirtinkite savo asmens tapatyb\u0119; ir teikdami tok\u012f pra\u0161ym\u0105, laikykit\u0117s s\u0105\u017einingumo ir protingumo princip\u0173.<\/p>\n\n\n\n<p>Jei esate pateik\u0119 mums ai\u0161k\u0173 sutikim\u0105 d\u0117l J\u016bs\u0173 duomen\u0173 tvarkymo, j\u012f galite bet kada at\u0161aukti. Nor\u0117dami at\u0161aukti savo sutikim\u0105 u\u017epildykite m\u016bs\u0173 svetain\u0117je pateikt\u0105 prenumeratos atsisakymo form\u0105 ir J\u016bs\u0173 asmens duomenys bus i\u0161trinti.<\/p>","protected":false},"excerpt":{"rendered":"<p>Kas mes esame Glamour g\u0117j\u0173 sauna, adresas T. \u0160ev\u010denkos g. 16i, Vilnius. M\u016bs\u0173 tinklalapio adresas yra: http:\/\/www.gaysauna.lt Slapukai (cookies) M\u016bs\u0173 interneto svetain\u0117je https:\/\/gaysauna.lt naudojami slapukai. Slapukas yra nedidelis i\u0161 raid\u017ei\u0173 ir skaitmen\u0173 sudarytas failas, kur\u012f J\u016bs\u0173 sutikimu mes \u012fra\u0161ome \u012f J\u016bs\u0173 nar\u0161ykl\u0119 arba stand\u0173j\u012f J\u016bs\u0173 kompiuterio disk\u0105. Siekdami skirting\u0173 tiksl\u0173, naudojame skirtingus slapukus. Slapukai taip pat padeda mums atskirti Jus nuo kit\u0173 interneto svetain\u0117s naudotoj\u0173, taigi u\u017etikrina malonesn\u0119 svetain\u0117s naudojimo patirt\u012f ir leid\u017eia tobulinti interneto svetain\u0119. Dauguma nar\u0161ykli\u0173 leid\u017eia atmesti visus slapukus, o kai kuriose nar\u0161ykl\u0117se yra galimyb\u0117 atmesti tik tre\u010di\u0173j\u0173 \u0161ali\u0173 slapukus. Tad J\u016bs galite pasinaudoti \u0161iomis galimyb\u0117mis. Ta\u010diau<\/p>","protected":false},"author":1,"featured_media":0,"parent":0,"menu_order":0,"comment_status":"closed","ping_status":"open","template":"","meta":{"footnotes":""},"class_list":["post-3","page","type-page","status-publish","hentry"],"yoast_head":"<!-- This site is optimized with the Yoast SEO plugin v22.4 - https:\/\/yoast.com\/wordpress\/plugins\/seo\/ -->\n<title>Privatumo politika - Glamour gay sauna<\/title>\n<meta name=\"robots\" content=\"index, follow, max-snippet:-1, max-image-preview:large, max-video-preview:-1\" \/>\n<link rel=\"canonical\" href=\"https:\/\/gaysauna.lt\/en\/privatumo-politika\/\" \/>\n<meta property=\"og:locale\" content=\"en_GB\" \/>\n<meta property=\"og:type\" content=\"article\" \/>\n<meta property=\"og:title\" content=\"Privatumo politika - Glamour gay sauna\" \/>\n<meta property=\"og:description\" content=\"Kas mes esame Glamour g\u0117j\u0173 sauna, adresas T. \u0160ev\u010denkos g. 16i, Vilnius. M\u016bs\u0173 tinklalapio adresas yra: http:\/\/www.gaysauna.lt Slapukai (cookies) M\u016bs\u0173 interneto svetain\u0117je https:\/\/gaysauna.lt naudojami slapukai. Slapukas yra nedidelis i\u0161 raid\u017ei\u0173 ir skaitmen\u0173 sudarytas failas, kur\u012f J\u016bs\u0173 sutikimu mes \u012fra\u0161ome \u012f J\u016bs\u0173 nar\u0161ykl\u0119 arba stand\u0173j\u012f J\u016bs\u0173 kompiuterio disk\u0105. Siekdami skirting\u0173 tiksl\u0173, naudojame skirtingus slapukus. Slapukai taip pat padeda mums atskirti Jus nuo kit\u0173 interneto svetain\u0117s naudotoj\u0173, taigi u\u017etikrina malonesn\u0119 svetain\u0117s naudojimo patirt\u012f ir leid\u017eia tobulinti interneto svetain\u0119. Dauguma nar\u0161ykli\u0173 leid\u017eia atmesti visus slapukus, o kai kuriose nar\u0161ykl\u0117se yra galimyb\u0117 atmesti tik tre\u010di\u0173j\u0173 \u0161ali\u0173 slapukus. Tad J\u016bs galite pasinaudoti \u0161iomis galimyb\u0117mis. Ta\u010diau\" \/>\n<meta property=\"og:url\" content=\"https:\/\/gaysauna.lt\/en\/privatumo-politika\/\" \/>\n<meta property=\"og:site_name\" content=\"Glamour gay sauna\" \/>\n<meta property=\"article:publisher\" content=\"https:\/\/www.facebook.com\/glamourgaysauna\" \/>\n<meta property=\"article:modified_time\" content=\"2024-04-17T06:45:57+00:00\" \/>\n<meta name=\"twitter:card\" content=\"summary_large_image\" \/>\n<meta name=\"twitter:label1\" content=\"Estimated reading time\" \/>\n\t<meta name=\"twitter:data1\" content=\"3 minutes\" \/>\n<script type=\"application\/ld+json\" class=\"yoast-schema-graph\">{\"@context\":\"https:\/\/schema.org\",\"@graph\":[{\"@type\":\"WebPage\",\"@id\":\"https:\/\/gaysauna.lt\/privatumo-politika\/\",\"url\":\"https:\/\/gaysauna.lt\/privatumo-politika\/\",\"name\":\"Privatumo politika - Glamour gay sauna\",\"isPartOf\":{\"@id\":\"https:\/\/gaysauna.lt\/#website\"},\"datePublished\":\"2024-04-03T12:34:37+00:00\",\"dateModified\":\"2024-04-17T06:45:57+00:00\",\"breadcrumb\":{\"@id\":\"https:\/\/gaysauna.lt\/privatumo-politika\/#breadcrumb\"},\"inLanguage\":\"en-GB\",\"potentialAction\":[{\"@type\":\"ReadAction\",\"target\":[\"https:\/\/gaysauna.lt\/privatumo-politika\/\"]}]},{\"@type\":\"BreadcrumbList\",\"@id\":\"https:\/\/gaysauna.lt\/privatumo-politika\/#breadcrumb\",\"itemListElement\":[{\"@type\":\"ListItem\",\"position\":1,\"name\":\"Home\",\"item\":\"https:\/\/gaysauna.lt\/\"},{\"@type\":\"ListItem\",\"position\":2,\"name\":\"Privatumo politika\"}]},{\"@type\":\"WebSite\",\"@id\":\"https:\/\/gaysauna.lt\/#website\",\"url\":\"https:\/\/gaysauna.lt\/\",\"name\":\"Glamour gay sauna\",\"description\":\"Vienintel\u0117 gej\u0173 sauna Leituvoje\",\"publisher\":{\"@id\":\"https:\/\/gaysauna.lt\/#organization\"},\"potentialAction\":[{\"@type\":\"SearchAction\",\"target\":{\"@type\":\"EntryPoint\",\"urlTemplate\":\"https:\/\/gaysauna.lt\/?s={search_term_string}\"},\"query-input\":\"required name=search_term_string\"}],\"inLanguage\":\"en-GB\"},{\"@type\":\"Organization\",\"@id\":\"https:\/\/gaysauna.lt\/#organization\",\"name\":\"Glamour gay sauna\",\"url\":\"https:\/\/gaysauna.lt\/\",\"logo\":{\"@type\":\"ImageObject\",\"inLanguage\":\"en-GB\",\"@id\":\"https:\/\/gaysauna.lt\/#\/schema\/logo\/image\/\",\"url\":\"https:\/\/gaysauna.lt\/wp-content\/uploads\/2024\/04\/cropped-GlamourLogotrn-e1712164569903.png\",\"contentUrl\":\"https:\/\/gaysauna.lt\/wp-content\/uploads\/2024\/04\/cropped-GlamourLogotrn-e1712164569903.png\",\"width\":149,\"height\":75,\"caption\":\"Glamour gay sauna\"},\"image\":{\"@id\":\"https:\/\/gaysauna.lt\/#\/schema\/logo\/image\/\"},\"sameAs\":[\"https:\/\/www.facebook.com\/glamourgaysauna\"]}]}<\/script>\n<!-- \/ Yoast SEO plugin. -->","yoast_head_json":{"title":"Privatumo politika - Glamour gay sauna","robots":{"index":"index","follow":"follow","max-snippet":"max-snippet:-1","max-image-preview":"max-image-preview:large","max-video-preview":"max-video-preview:-1"},"canonical":"https:\/\/gaysauna.lt\/en\/privatumo-politika\/","og_locale":"en_GB","og_type":"article","og_title":"Privatumo politika - Glamour gay sauna","og_description":"Kas mes esame Glamour g\u0117j\u0173 sauna, adresas T. \u0160ev\u010denkos g. 16i, Vilnius. M\u016bs\u0173 tinklalapio adresas yra: http:\/\/www.gaysauna.lt Slapukai (cookies) M\u016bs\u0173 interneto svetain\u0117je https:\/\/gaysauna.lt naudojami slapukai. Slapukas yra nedidelis i\u0161 raid\u017ei\u0173 ir skaitmen\u0173 sudarytas failas, kur\u012f J\u016bs\u0173 sutikimu mes \u012fra\u0161ome \u012f J\u016bs\u0173 nar\u0161ykl\u0119 arba stand\u0173j\u012f J\u016bs\u0173 kompiuterio disk\u0105. Siekdami skirting\u0173 tiksl\u0173, naudojame skirtingus slapukus. Slapukai taip pat padeda mums atskirti Jus nuo kit\u0173 interneto svetain\u0117s naudotoj\u0173, taigi u\u017etikrina malonesn\u0119 svetain\u0117s naudojimo patirt\u012f ir leid\u017eia tobulinti interneto svetain\u0119. Dauguma nar\u0161ykli\u0173 leid\u017eia atmesti visus slapukus, o kai kuriose nar\u0161ykl\u0117se yra galimyb\u0117 atmesti tik tre\u010di\u0173j\u0173 \u0161ali\u0173 slapukus. Tad J\u016bs galite pasinaudoti \u0161iomis galimyb\u0117mis. Ta\u010diau","og_url":"https:\/\/gaysauna.lt\/en\/privatumo-politika\/","og_site_name":"Glamour gay sauna","article_publisher":"https:\/\/www.facebook.com\/glamourgaysauna","article_modified_time":"2024-04-17T06:45:57+00:00","twitter_card":"summary_large_image","twitter_misc":{"Estimated reading time":"3 minutes"},"schema":{"@context":"https:\/\/schema.org","@graph":[{"@type":"WebPage","@id":"https:\/\/gaysauna.lt\/privatumo-politika\/","url":"https:\/\/gaysauna.lt\/privatumo-politika\/","name":"Privatumo politika - Glamour gay sauna","isPartOf":{"@id":"https:\/\/gaysauna.lt\/#website"},"datePublished":"2024-04-03T12:34:37+00:00","dateModified":"2024-04-17T06:45:57+00:00","breadcrumb":{"@id":"https:\/\/gaysauna.lt\/privatumo-politika\/#breadcrumb"},"inLanguage":"en-GB","potentialAction":[{"@type":"ReadAction","target":["https:\/\/gaysauna.lt\/privatumo-politika\/"]}]},{"@type":"BreadcrumbList","@id":"https:\/\/gaysauna.lt\/privatumo-politika\/#breadcrumb","itemListElement":[{"@type":"ListItem","position":1,"name":"Home","item":"https:\/\/gaysauna.lt\/"},{"@type":"ListItem","position":2,"name":"Privatumo politika"}]},{"@type":"WebSite","@id":"https:\/\/gaysauna.lt\/#website","url":"https:\/\/gaysauna.lt\/","name":"Glamour gay sauna","description":"Vienintel\u0117 gej\u0173 sauna Leituvoje","publisher":{"@id":"https:\/\/gaysauna.lt\/#organization"},"potentialAction":[{"@type":"SearchAction","target":{"@type":"EntryPoint","urlTemplate":"https:\/\/gaysauna.lt\/?s={search_term_string}"},"query-input":"required name=search_term_string"}],"inLanguage":"en-GB"},{"@type":"Organization","@id":"https:\/\/gaysauna.lt\/#organization","name":"Glamour gay sauna","url":"https:\/\/gaysauna.lt\/","logo":{"@type":"ImageObject","inLanguage":"en-GB","@id":"https:\/\/gaysauna.lt\/#\/schema\/logo\/image\/","url":"https:\/\/gaysauna.lt\/wp-content\/uploads\/2024\/04\/cropped-GlamourLogotrn-e1712164569903.png","contentUrl":"https:\/\/gaysauna.lt\/wp-content\/uploads\/2024\/04\/cropped-GlamourLogotrn-e1712164569903.png","width":149,"height":75,"caption":"Glamour gay sauna"},"image":{"@id":"https:\/\/gaysauna.lt\/#\/schema\/logo\/image\/"},"sameAs":["https:\/\/www.facebook.com\/glamourgaysauna"]}]}},"_links":{"self":[{"href":"https:\/\/gaysauna.lt\/en\/wp-json\/wp\/v2\/pages\/3","targetHints":{"allow":["GET"]}}],"collection":[{"href":"https:\/\/gaysauna.lt\/en\/wp-json\/wp\/v2\/pages"}],"about":[{"href":"https:\/\/gaysauna.lt\/en\/wp-json\/wp\/v2\/types\/page"}],"author":[{"embeddable":true,"href":"https:\/\/gaysauna.lt\/en\/wp-json\/wp\/v2\/users\/1"}],"replies":[{"embeddable":true,"href":"https:\/\/gaysauna.lt\/en\/wp-json\/wp\/v2\/comments?post=3"}],"version-history":[{"count":5,"href":"https:\/\/gaysauna.lt\/en\/wp-json\/wp\/v2\/pages\/3\/revisions"}],"predecessor-version":[{"id":552,"href":"https:\/\/gaysauna.lt\/en\/wp-json\/wp\/v2\/pages\/3\/revisions\/552"}],"wp:attachment":[{"href":"https:\/\/gaysauna.lt\/en\/wp-json\/wp\/v2\/media?parent=3"}],"curies":[{"name":"wp","href":"https:\/\/api.w.org\/{rel}","templated":true}]}}