{"id":322,"date":"2024-04-07T20:03:28","date_gmt":"2024-04-07T17:03:28","guid":{"rendered":"http:\/\/new.gaysauna.lt\/?page_id=322"},"modified":"2024-04-07T20:23:19","modified_gmt":"2024-04-07T17:23:19","slug":"sms","status":"publish","type":"page","link":"https:\/\/gaysauna.lt\/en\/sms\/","title":{"rendered":"SMS prenumeratos atsisakymas"},"content":{"rendered":"<div class=\"section-wrapper\" data-id=\"BHh3JL\"><section class=\"wp-block-gutenverse-section guten-element guten-section guten-BHh3JL layout-boxed align-stretch\"><div class=\"guten-background-overlay\"><\/div><div class=\"guten-shape-divider guten-shape-divider-top\"><\/div><div class=\"guten-shape-divider guten-shape-divider-bottom\"><\/div><div class=\"guten-container guten-column-gap-default\">\n<div class=\"wp-block-gutenverse-column guten-element guten-column guten-lYLPTK\"><div class=\"guten-background-overlay\"><\/div><div class=\"sticky-wrapper\" data-id=\"lYLPTK\"><div class=\"guten-column-wrapper\">\n<p>Nor\u0117dami at\u0161aukti savo sutikim\u0105 gauti SMS \u017einutes u\u017epildykite m\u016bs\u0173 svetain\u0117je pateikt\u0105 prenumeratos atsisakymo form\u0105 ir J\u016bs\u0173 asmens duomenys bus i\u0161trinti.<\/p>\n\n\n\n<form style=\"display:none\" class=\"guten-element guten-form-builder guten-WGPzrW\" data-form-id=\"321\" data-hide-after=\"true\" action=\"\">\n<div class=\"guten-element guten-form-input-telp guten-form-input guten-input-position-top guten-HPlJAo\"><div class=\"label-wrapper\"><label class=\"input-label\">\u012eveskite mob. telefono numer\u012f<\/label><span class=\"required-badge\">*<\/span><\/div><div class=\"main-wrapper\"><input data-validation=\"{&quot;type&quot;:&quot;telp&quot;,&quot;required&quot;:true,&quot;validationType&quot;:&quot;character&quot;,&quot;validationMin&quot;:&quot;11&quot;,&quot;validationMax&quot;:&quot;11&quot;,&quot;validationWarning&quot;:&quot;Neteisingai \u012fvestas numeris&quot;}\" placeholder=\"37099911111\" name=\"tel-remove\" class=\"gutenverse-input gutenverse-input-tel\" type=\"tel\" pattern=\"[0-9]{3}[0-9]{3}[0-9]{5}\"\/><div class=\"validation-error\">Neteisingai \u012fvestas numeris<\/div><span class=\"input-helper\">Enter your phone number in following format: 37011122222<\/span><\/div><\/div>\n\n\n\n<div class=\"guten-element guten-button-wrapper guten-submit-wrapper guten-1hwvZL\"><div class=\"form-notification\"><\/div><button class=\"guten-button gutenverse-input-submit guten-button-sm\" type=\"submit\"><span>Atsisakyti<\/span><\/button><div class=\"gutenverse-input-submit-loader\"><i class=\"fas fa-spinner fa-spin\"><\/i><\/div><\/div>\n<input type=\"hidden\" name=\"trp-form-language\" value=\"en\"\/><\/form>\n\n\n\n<div class=\"guten-element guten-spacer guten-66nVPO\"><\/div>\n<\/div><\/div><\/div>\n<\/div><\/section><\/div>","protected":false},"excerpt":{"rendered":"","protected":false},"author":1,"featured_media":0,"parent":0,"menu_order":0,"comment_status":"closed","ping_status":"closed","template":"","meta":{"footnotes":""},"class_list":["post-322","page","type-page","status-publish","hentry"],"yoast_head":"<!-- This site is optimized with the Yoast SEO plugin v22.4 - https:\/\/yoast.com\/wordpress\/plugins\/seo\/ -->\n<title>SMS prenumeratos atsisakymas - Glamour gay sauna<\/title>\n<meta name=\"robots\" content=\"index, follow, max-snippet:-1, max-image-preview:large, max-video-preview:-1\" \/>\n<link rel=\"canonical\" href=\"https:\/\/gaysauna.lt\/en\/sms\/\" \/>\n<meta property=\"og:locale\" content=\"en_GB\" \/>\n<meta property=\"og:type\" content=\"article\" \/>\n<meta property=\"og:title\" content=\"SMS prenumeratos atsisakymas - Glamour gay sauna\" \/>\n<meta property=\"og:url\" content=\"https:\/\/gaysauna.lt\/en\/sms\/\" \/>\n<meta property=\"og:site_name\" content=\"Glamour gay sauna\" \/>\n<meta property=\"article:publisher\" content=\"https:\/\/www.facebook.com\/glamourgaysauna\" \/>\n<meta property=\"article:modified_time\" content=\"2024-04-07T17:23:19+00:00\" \/>\n<meta name=\"twitter:card\" content=\"summary_large_image\" \/>\n<script type=\"application\/ld+json\" class=\"yoast-schema-graph\">{\"@context\":\"https:\/\/schema.org\",\"@graph\":[{\"@type\":\"WebPage\",\"@id\":\"https:\/\/gaysauna.lt\/sms\/\",\"url\":\"https:\/\/gaysauna.lt\/sms\/\",\"name\":\"SMS prenumeratos atsisakymas - Glamour gay sauna\",\"isPartOf\":{\"@id\":\"https:\/\/gaysauna.lt\/#website\"},\"datePublished\":\"2024-04-07T17:03:28+00:00\",\"dateModified\":\"2024-04-07T17:23:19+00:00\",\"breadcrumb\":{\"@id\":\"https:\/\/gaysauna.lt\/sms\/#breadcrumb\"},\"inLanguage\":\"en-GB\",\"potentialAction\":[{\"@type\":\"ReadAction\",\"target\":[\"https:\/\/gaysauna.lt\/sms\/\"]}]},{\"@type\":\"BreadcrumbList\",\"@id\":\"https:\/\/gaysauna.lt\/sms\/#breadcrumb\",\"itemListElement\":[{\"@type\":\"ListItem\",\"position\":1,\"name\":\"Home\",\"item\":\"https:\/\/gaysauna.lt\/\"},{\"@type\":\"ListItem\",\"position\":2,\"name\":\"SMS prenumeratos atsisakymas\"}]},{\"@type\":\"WebSite\",\"@id\":\"https:\/\/gaysauna.lt\/#website\",\"url\":\"https:\/\/gaysauna.lt\/\",\"name\":\"Glamour gay sauna\",\"description\":\"Vienintel\u0117 gej\u0173 sauna Leituvoje\",\"publisher\":{\"@id\":\"https:\/\/gaysauna.lt\/#organization\"},\"potentialAction\":[{\"@type\":\"SearchAction\",\"target\":{\"@type\":\"EntryPoint\",\"urlTemplate\":\"https:\/\/gaysauna.lt\/?s={search_term_string}\"},\"query-input\":\"required name=search_term_string\"}],\"inLanguage\":\"en-GB\"},{\"@type\":\"Organization\",\"@id\":\"https:\/\/gaysauna.lt\/#organization\",\"name\":\"Glamour gay sauna\",\"url\":\"https:\/\/gaysauna.lt\/\",\"logo\":{\"@type\":\"ImageObject\",\"inLanguage\":\"en-GB\",\"@id\":\"https:\/\/gaysauna.lt\/#\/schema\/logo\/image\/\",\"url\":\"https:\/\/gaysauna.lt\/wp-content\/uploads\/2024\/04\/cropped-GlamourLogotrn-e1712164569903.png\",\"contentUrl\":\"https:\/\/gaysauna.lt\/wp-content\/uploads\/2024\/04\/cropped-GlamourLogotrn-e1712164569903.png\",\"width\":149,\"height\":75,\"caption\":\"Glamour gay sauna\"},\"image\":{\"@id\":\"https:\/\/gaysauna.lt\/#\/schema\/logo\/image\/\"},\"sameAs\":[\"https:\/\/www.facebook.com\/glamourgaysauna\"]}]}<\/script>\n<!-- \/ Yoast SEO plugin. -->","yoast_head_json":{"title":"SMS prenumeratos atsisakymas - Glamour gay sauna","robots":{"index":"index","follow":"follow","max-snippet":"max-snippet:-1","max-image-preview":"max-image-preview:large","max-video-preview":"max-video-preview:-1"},"canonical":"https:\/\/gaysauna.lt\/en\/sms\/","og_locale":"en_GB","og_type":"article","og_title":"SMS prenumeratos atsisakymas - Glamour gay sauna","og_url":"https:\/\/gaysauna.lt\/en\/sms\/","og_site_name":"Glamour gay sauna","article_publisher":"https:\/\/www.facebook.com\/glamourgaysauna","article_modified_time":"2024-04-07T17:23:19+00:00","twitter_card":"summary_large_image","schema":{"@context":"https:\/\/schema.org","@graph":[{"@type":"WebPage","@id":"https:\/\/gaysauna.lt\/sms\/","url":"https:\/\/gaysauna.lt\/sms\/","name":"SMS prenumeratos atsisakymas - Glamour gay sauna","isPartOf":{"@id":"https:\/\/gaysauna.lt\/#website"},"datePublished":"2024-04-07T17:03:28+00:00","dateModified":"2024-04-07T17:23:19+00:00","breadcrumb":{"@id":"https:\/\/gaysauna.lt\/sms\/#breadcrumb"},"inLanguage":"en-GB","potentialAction":[{"@type":"ReadAction","target":["https:\/\/gaysauna.lt\/sms\/"]}]},{"@type":"BreadcrumbList","@id":"https:\/\/gaysauna.lt\/sms\/#breadcrumb","itemListElement":[{"@type":"ListItem","position":1,"name":"Home","item":"https:\/\/gaysauna.lt\/"},{"@type":"ListItem","position":2,"name":"SMS prenumeratos atsisakymas"}]},{"@type":"WebSite","@id":"https:\/\/gaysauna.lt\/#website","url":"https:\/\/gaysauna.lt\/","name":"Glamour gay sauna","description":"Vienintel\u0117 gej\u0173 sauna Leituvoje","publisher":{"@id":"https:\/\/gaysauna.lt\/#organization"},"potentialAction":[{"@type":"SearchAction","target":{"@type":"EntryPoint","urlTemplate":"https:\/\/gaysauna.lt\/?s={search_term_string}"},"query-input":"required name=search_term_string"}],"inLanguage":"en-GB"},{"@type":"Organization","@id":"https:\/\/gaysauna.lt\/#organization","name":"Glamour gay sauna","url":"https:\/\/gaysauna.lt\/","logo":{"@type":"ImageObject","inLanguage":"en-GB","@id":"https:\/\/gaysauna.lt\/#\/schema\/logo\/image\/","url":"https:\/\/gaysauna.lt\/wp-content\/uploads\/2024\/04\/cropped-GlamourLogotrn-e1712164569903.png","contentUrl":"https:\/\/gaysauna.lt\/wp-content\/uploads\/2024\/04\/cropped-GlamourLogotrn-e1712164569903.png","width":149,"height":75,"caption":"Glamour gay sauna"},"image":{"@id":"https:\/\/gaysauna.lt\/#\/schema\/logo\/image\/"},"sameAs":["https:\/\/www.facebook.com\/glamourgaysauna"]}]}},"_links":{"self":[{"href":"https:\/\/gaysauna.lt\/en\/wp-json\/wp\/v2\/pages\/322","targetHints":{"allow":["GET"]}}],"collection":[{"href":"https:\/\/gaysauna.lt\/en\/wp-json\/wp\/v2\/pages"}],"about":[{"href":"https:\/\/gaysauna.lt\/en\/wp-json\/wp\/v2\/types\/page"}],"author":[{"embeddable":true,"href":"https:\/\/gaysauna.lt\/en\/wp-json\/wp\/v2\/users\/1"}],"replies":[{"embeddable":true,"href":"https:\/\/gaysauna.lt\/en\/wp-json\/wp\/v2\/comments?post=322"}],"version-history":[{"count":7,"href":"https:\/\/gaysauna.lt\/en\/wp-json\/wp\/v2\/pages\/322\/revisions"}],"predecessor-version":[{"id":337,"href":"https:\/\/gaysauna.lt\/en\/wp-json\/wp\/v2\/pages\/322\/revisions\/337"}],"wp:attachment":[{"href":"https:\/\/gaysauna.lt\/en\/wp-json\/wp\/v2\/media?parent=322"}],"curies":[{"name":"wp","href":"https:\/\/api.w.org\/{rel}","templated":true}]}}