{"id":81,"date":"2024-04-03T21:29:06","date_gmt":"2024-04-03T21:29:06","guid":{"rendered":"http:\/\/new.gaysauna.lt\/?page_id=81"},"modified":"2024-04-16T00:19:57","modified_gmt":"2024-04-15T21:19:57","slug":"naujienos","status":"publish","type":"page","link":"https:\/\/gaysauna.lt\/en\/naujienos\/","title":{"rendered":"News"},"content":{"rendered":"<div class=\"section-wrapper\" data-id=\"xG09s2\"><section class=\"wp-block-gutenverse-section guten-element guten-section guten-xG09s2 layout-boxed align-stretch\"><div class=\"guten-background-overlay\"><\/div><div class=\"guten-shape-divider guten-shape-divider-top\"><\/div><div class=\"guten-shape-divider guten-shape-divider-bottom\"><\/div><div class=\"guten-container guten-column-gap-default\">\n<div class=\"wp-block-gutenverse-column guten-element guten-column guten-P2pNbk\"><div class=\"guten-background-overlay\"><\/div><div class=\"sticky-wrapper\" data-id=\"P2pNbk\"><div class=\"guten-column-wrapper\"><div  class=\"gutenverse guten-postblock postblock-type-1 guten-pagination-loadmore break-point-tablet post-element guten-rIXFYZ\"  data-id=\"guten-rIXFYZ\" data-settings=\"{&quot;numberPost&quot;:&quot;3&quot;,&quot;postOffset&quot;:&quot;0&quot;,&quot;includeCategory&quot;:[{&quot;label&quot;:&quot;Naujienos&quot;,&quot;value&quot;:5}],&quot;categoryEnabled&quot;:false,&quot;excerptLength&quot;:&quot;34&quot;,&quot;readmoreText&quot;:&quot;Skaityti daugiau&quot;,&quot;metaAuthorEnabled&quot;:false,&quot;paginationMode&quot;:&quot;loadmore&quot;,&quot;paginationLoadmoreText&quot;:&quot;Daugiau naujien\\u0173&quot;,&quot;paginationLoadingText&quot;:&quot;Krauname...&quot;,&quot;paginationNumberPost&quot;:&quot;3&quot;,&quot;paginationIconPosition&quot;:&quot;after&quot;,&quot;inheritQuery&quot;:true,&quot;postType&quot;:&quot;post&quot;,&quot;includePost&quot;:[],&quot;excludePost&quot;:[],&quot;excludeCategory&quot;:[],&quot;includeAuthor&quot;:[],&quot;includeTag&quot;:[],&quot;excludeTag&quot;:[],&quot;htmlTag&quot;:&quot;h3&quot;,&quot;categoryPosition&quot;:&quot;center&quot;,&quot;excerptEnabled&quot;:true,&quot;excerptMore&quot;:&quot;...&quot;,&quot;readmoreEnabled&quot;:true,&quot;readmoreIcon&quot;:&quot;fas fa-arrow-right&quot;,&quot;readmoreIconPosition&quot;:&quot;after&quot;,&quot;commentEnabled&quot;:false,&quot;commentIcon&quot;:&quot;fas fa-comment&quot;,&quot;commentIconPosition&quot;:&quot;before&quot;,&quot;metaEnabled&quot;:true,&quot;metaAuthorByText&quot;:&quot;by&quot;,&quot;metaAuthorIcon&quot;:&quot;fas fa-user&quot;,&quot;metaAuthorIconPosition&quot;:&quot;before&quot;,&quot;metaDateEnabled&quot;:true,&quot;metaDateType&quot;:&quot;published&quot;,&quot;metaDateFormat&quot;:&quot;default&quot;,&quot;metaDateFormatCustom&quot;:&quot;&quot;,&quot;metaDateIcon&quot;:&quot;fas fa-clock&quot;,&quot;metaDateIconPosition&quot;:&quot;before&quot;,&quot;postblockType&quot;:&quot;type-1&quot;,&quot;paginationScrollLimit&quot;:0,&quot;paginationIcon&quot;:&quot;&quot;,&quot;paged&quot;:1,&quot;class&quot;:null}\"><div class=\"guten-block-container\">\n            <div class=\"guten-posts guten-ajax-flag\">\n            <article class=\"guten-post post-877 post type-post status-publish format-standard has-post-thumbnail hentry category-naujienos\">\n                    <div class=\"guten-thumb\"><a href=\"javascript:void(0);\" data-href=\"https:\/\/gaysauna.lt\/en\/naujas-sezonas-3-nauji-vakareliai\/\"><div class=\"thumbnail-container\">\n            <img loading=\"lazy\" decoding=\"async\" width=\"900\" height=\"600\" src=\"https:\/\/gaysauna.lt\/wp-content\/uploads\/2025\/06\/naujas-sezonas.jpg\" class=\"attachment-post-thumbnail size-post-thumbnail wp-post-image\" alt=\"\" srcset=\"https:\/\/gaysauna.lt\/wp-content\/uploads\/2025\/06\/naujas-sezonas.jpg 900w, https:\/\/gaysauna.lt\/wp-content\/uploads\/2025\/06\/naujas-sezonas-300x200.jpg 300w, https:\/\/gaysauna.lt\/wp-content\/uploads\/2025\/06\/naujas-sezonas-768x512.jpg 768w, https:\/\/gaysauna.lt\/wp-content\/uploads\/2025\/06\/naujas-sezonas-391x260.jpg 391w, https:\/\/gaysauna.lt\/wp-content\/uploads\/2025\/06\/naujas-sezonas-18x12.jpg 18w\" sizes=\"auto, (max-width: 900px) 100vw, 900px\" \/>\n\t\t\t<div class=\"guten-overlay\"><\/div>\n        <\/div><\/a><\/div>\n                    <div class=\"guten-postblock-content\"><h3 class=\"guten-post-title\"><a href=\"javascript:void(0);\" data-href=\"https:\/\/gaysauna.lt\/en\/naujas-sezonas-3-nauji-vakareliai\/\">3 new events in the new season<\/a><\/h3>\n                <div class=\"guten-post-meta\"><div class=\"guten-meta-date icon-position-before\"><i aria-hidden=\"true\" class=\"fas fa-clock\"><\/i>2025-06-27<\/div><\/div><div class=\"guten-post-excerpt\"><p>The new season of Sauna Glamour includes 3 new parties \u2013 more warmth, lust and Queer freedom.\nThis fall, gay sauna Glamour is starting a new phase - three more unique parties are joining your favorite events: Queer Night...<\/p><\/div>\n            <div class=\"guten-post-meta-bottom\">\n                <div class=\"guten-meta-readmore icon-position-after\">\n                <a href=\"javascript:void(0);\" data-href=\"https:\/\/gaysauna.lt\/en\/naujas-sezonas-3-nauji-vakareliai\/\" class=\"guten-readmore\">Read more<i aria-hidden=\"true\" class=\"fas fa-arrow-right\"><\/i><\/a>\n            <\/div>\n            <\/div><\/div>\n                <\/article><article class=\"guten-post post-828 post type-post status-publish format-standard has-post-thumbnail hentry category-naujienos\">\n                    <div class=\"guten-thumb\"><a href=\"javascript:void(0);\" data-href=\"https:\/\/gaysauna.lt\/en\/baltic-pride-afterparty-birzelio-7d\/\"><div class=\"thumbnail-container\">\n            <img loading=\"lazy\" decoding=\"async\" width=\"900\" height=\"600\" src=\"https:\/\/gaysauna.lt\/wp-content\/uploads\/2025\/03\/Baltic_Pride_Afterparty.png\" class=\"attachment-post-thumbnail size-post-thumbnail wp-post-image\" alt=\"\" srcset=\"https:\/\/gaysauna.lt\/wp-content\/uploads\/2025\/03\/Baltic_Pride_Afterparty.png 900w, https:\/\/gaysauna.lt\/wp-content\/uploads\/2025\/03\/Baltic_Pride_Afterparty-300x200.png 300w, https:\/\/gaysauna.lt\/wp-content\/uploads\/2025\/03\/Baltic_Pride_Afterparty-768x512.png 768w, https:\/\/gaysauna.lt\/wp-content\/uploads\/2025\/03\/Baltic_Pride_Afterparty-391x260.png 391w, https:\/\/gaysauna.lt\/wp-content\/uploads\/2025\/03\/Baltic_Pride_Afterparty-18x12.png 18w\" sizes=\"auto, (max-width: 900px) 100vw, 900px\" \/>\n\t\t\t<div class=\"guten-overlay\"><\/div>\n        <\/div><\/a><\/div>\n                    <div class=\"guten-postblock-content\"><h3 class=\"guten-post-title\"><a href=\"javascript:void(0);\" data-href=\"https:\/\/gaysauna.lt\/en\/baltic-pride-afterparty-birzelio-7d\/\">Baltic Pride Afterparty \u2013 June 7th<\/a><\/h3>\n                <div class=\"guten-post-meta\"><div class=\"guten-meta-date icon-position-before\"><i aria-hidden=\"true\" class=\"fas fa-clock\"><\/i>2025-06-03<\/div><\/div><div class=\"guten-post-excerpt\"><p>Pride Afterparty\u2014a night of steamy encounters, deep connections, and pure liberation. Our DJ will be bringing the beats all night long, serving up house, and pop rhythms to set the perfect mood. Let the music guide you, the steam embrace you, and the night take you wherever it...<\/p><\/div>\n            <div class=\"guten-post-meta-bottom\">\n                <div class=\"guten-meta-readmore icon-position-after\">\n                <a href=\"javascript:void(0);\" data-href=\"https:\/\/gaysauna.lt\/en\/baltic-pride-afterparty-birzelio-7d\/\" class=\"guten-readmore\">Read more<i aria-hidden=\"true\" class=\"fas fa-arrow-right\"><\/i><\/a>\n            <\/div>\n            <\/div><\/div>\n                <\/article><article class=\"guten-post post-754 post type-post status-publish format-standard has-post-thumbnail hentry category-naujienos\">\n                    <div class=\"guten-thumb\"><a href=\"javascript:void(0);\" data-href=\"https:\/\/gaysauna.lt\/en\/nemokami-anoniminiai-ziv-testai\/\"><div class=\"thumbnail-container\">\n            <img loading=\"lazy\" decoding=\"async\" width=\"900\" height=\"600\" src=\"https:\/\/gaysauna.lt\/wp-content\/uploads\/2025\/04\/Kartu-su.png\" class=\"attachment-post-thumbnail size-post-thumbnail wp-post-image\" alt=\"\" srcset=\"https:\/\/gaysauna.lt\/wp-content\/uploads\/2025\/04\/Kartu-su.png 900w, https:\/\/gaysauna.lt\/wp-content\/uploads\/2025\/04\/Kartu-su-300x200.png 300w, https:\/\/gaysauna.lt\/wp-content\/uploads\/2025\/04\/Kartu-su-768x512.png 768w, https:\/\/gaysauna.lt\/wp-content\/uploads\/2025\/04\/Kartu-su-391x260.png 391w, https:\/\/gaysauna.lt\/wp-content\/uploads\/2025\/04\/Kartu-su-18x12.png 18w\" sizes=\"auto, (max-width: 900px) 100vw, 900px\" \/>\n\t\t\t<div class=\"guten-overlay\"><\/div>\n        <\/div><\/a><\/div>\n                    <div class=\"guten-postblock-content\"><h3 class=\"guten-post-title\"><a href=\"javascript:void(0);\" data-href=\"https:\/\/gaysauna.lt\/en\/nemokami-anoniminiai-ziv-testai\/\">Free anonymous HIV tests<\/a><\/h3>\n                <div class=\"guten-post-meta\"><div class=\"guten-meta-date icon-position-before\"><i aria-hidden=\"true\" class=\"fas fa-clock\"><\/i>2025-04-09<\/div><\/div><div class=\"guten-post-excerpt\"><p>On April 12th, together with Demetra \u2013 Checkpoint: \u017dIV prevencijos centru , we invite you to the \"Gay Naked party\" at Glamour gay sauna. This is not only a great opportunity to immerse yourself in a relaxed atmosphere but also a unique chance to get a free anonymous HIV test...<\/p><\/div>\n            <div class=\"guten-post-meta-bottom\">\n                <div class=\"guten-meta-readmore icon-position-after\">\n                <a href=\"javascript:void(0);\" data-href=\"https:\/\/gaysauna.lt\/en\/nemokami-anoniminiai-ziv-testai\/\" class=\"guten-readmore\">Read more<i aria-hidden=\"true\" class=\"fas fa-arrow-right\"><\/i><\/a>\n            <\/div>\n            <\/div><\/div>\n                <\/article>\n        <\/div>\n        <\/div><div class=\"guten-block-pagination guten-align\"><div class=\"guten-block-loadmore icon-position-after\"><span data-load=\"Daugiau naujien\u0173\" data-loading=\"Krauname...\"> Daugiau naujien\u0173<\/span><\/div><\/div><\/div><\/div><\/div><\/div>\n<\/div><\/section><\/div>","protected":false},"excerpt":{"rendered":"","protected":false},"author":1,"featured_media":0,"parent":0,"menu_order":0,"comment_status":"closed","ping_status":"closed","template":"","meta":{"footnotes":""},"class_list":["post-81","page","type-page","status-publish","hentry"],"yoast_head":"<!-- This site is optimized with the Yoast SEO plugin v22.4 - https:\/\/yoast.com\/wordpress\/plugins\/seo\/ -->\n<title>Naujienos - Glamour gay sauna Vilnius<\/title>\n<meta name=\"description\" content=\"Su\u017einokite naujausias informacij\u0105 apie Glamour gay saun\u0105. \u010cia rasite visas naujienas, aktualijas ir vakar\u0117lius m\u016bs\u0173 saunoje.&quot;\" \/>\n<meta name=\"robots\" content=\"index, follow, max-snippet:-1, max-image-preview:large, max-video-preview:-1\" \/>\n<link rel=\"canonical\" href=\"https:\/\/gaysauna.lt\/en\/naujienos\/\" \/>\n<meta property=\"og:locale\" content=\"en_GB\" \/>\n<meta property=\"og:type\" content=\"article\" \/>\n<meta property=\"og:title\" content=\"Naujienos - Glamour gay sauna Vilnius\" \/>\n<meta property=\"og:description\" content=\"Su\u017einokite naujausias informacij\u0105 apie Glamour gay saun\u0105. \u010cia rasite visas naujienas, aktualijas ir vakar\u0117lius m\u016bs\u0173 saunoje.&quot;\" \/>\n<meta property=\"og:url\" content=\"https:\/\/gaysauna.lt\/en\/naujienos\/\" \/>\n<meta property=\"og:site_name\" content=\"Glamour gay sauna\" \/>\n<meta property=\"article:publisher\" content=\"https:\/\/www.facebook.com\/glamourgaysauna\" \/>\n<meta property=\"article:modified_time\" content=\"2024-04-15T21:19:57+00:00\" \/>\n<meta name=\"twitter:card\" content=\"summary_large_image\" \/>\n<script type=\"application\/ld+json\" class=\"yoast-schema-graph\">{\"@context\":\"https:\/\/schema.org\",\"@graph\":[{\"@type\":\"WebPage\",\"@id\":\"https:\/\/gaysauna.lt\/naujienos\/\",\"url\":\"https:\/\/gaysauna.lt\/naujienos\/\",\"name\":\"Naujienos - Glamour gay sauna Vilnius\",\"isPartOf\":{\"@id\":\"https:\/\/gaysauna.lt\/#website\"},\"datePublished\":\"2024-04-03T21:29:06+00:00\",\"dateModified\":\"2024-04-15T21:19:57+00:00\",\"description\":\"Su\u017einokite naujausias informacij\u0105 apie Glamour gay saun\u0105. \u010cia rasite visas naujienas, aktualijas ir vakar\u0117lius m\u016bs\u0173 saunoje.\\\"\",\"breadcrumb\":{\"@id\":\"https:\/\/gaysauna.lt\/naujienos\/#breadcrumb\"},\"inLanguage\":\"en-GB\",\"potentialAction\":[{\"@type\":\"ReadAction\",\"target\":[\"https:\/\/gaysauna.lt\/naujienos\/\"]}]},{\"@type\":\"BreadcrumbList\",\"@id\":\"https:\/\/gaysauna.lt\/naujienos\/#breadcrumb\",\"itemListElement\":[{\"@type\":\"ListItem\",\"position\":1,\"name\":\"Home\",\"item\":\"https:\/\/gaysauna.lt\/\"},{\"@type\":\"ListItem\",\"position\":2,\"name\":\"Naujienos\"}]},{\"@type\":\"WebSite\",\"@id\":\"https:\/\/gaysauna.lt\/#website\",\"url\":\"https:\/\/gaysauna.lt\/\",\"name\":\"Glamour gay sauna\",\"description\":\"Vienintel\u0117 gej\u0173 sauna Leituvoje\",\"publisher\":{\"@id\":\"https:\/\/gaysauna.lt\/#organization\"},\"potentialAction\":[{\"@type\":\"SearchAction\",\"target\":{\"@type\":\"EntryPoint\",\"urlTemplate\":\"https:\/\/gaysauna.lt\/?s={search_term_string}\"},\"query-input\":\"required name=search_term_string\"}],\"inLanguage\":\"en-GB\"},{\"@type\":\"Organization\",\"@id\":\"https:\/\/gaysauna.lt\/#organization\",\"name\":\"Glamour gay sauna\",\"url\":\"https:\/\/gaysauna.lt\/\",\"logo\":{\"@type\":\"ImageObject\",\"inLanguage\":\"en-GB\",\"@id\":\"https:\/\/gaysauna.lt\/#\/schema\/logo\/image\/\",\"url\":\"https:\/\/gaysauna.lt\/wp-content\/uploads\/2024\/04\/cropped-GlamourLogotrn-e1712164569903.png\",\"contentUrl\":\"https:\/\/gaysauna.lt\/wp-content\/uploads\/2024\/04\/cropped-GlamourLogotrn-e1712164569903.png\",\"width\":149,\"height\":75,\"caption\":\"Glamour gay sauna\"},\"image\":{\"@id\":\"https:\/\/gaysauna.lt\/#\/schema\/logo\/image\/\"},\"sameAs\":[\"https:\/\/www.facebook.com\/glamourgaysauna\"]}]}<\/script>\n<!-- \/ Yoast SEO plugin. -->","yoast_head_json":{"title":"Naujienos - Glamour gay sauna Vilnius","description":"Su\u017einokite naujausias informacij\u0105 apie Glamour gay saun\u0105. \u010cia rasite visas naujienas, aktualijas ir vakar\u0117lius m\u016bs\u0173 saunoje.\"","robots":{"index":"index","follow":"follow","max-snippet":"max-snippet:-1","max-image-preview":"max-image-preview:large","max-video-preview":"max-video-preview:-1"},"canonical":"https:\/\/gaysauna.lt\/en\/naujienos\/","og_locale":"en_GB","og_type":"article","og_title":"Naujienos - Glamour gay sauna Vilnius","og_description":"Su\u017einokite naujausias informacij\u0105 apie Glamour gay saun\u0105. \u010cia rasite visas naujienas, aktualijas ir vakar\u0117lius m\u016bs\u0173 saunoje.\"","og_url":"https:\/\/gaysauna.lt\/en\/naujienos\/","og_site_name":"Glamour gay sauna","article_publisher":"https:\/\/www.facebook.com\/glamourgaysauna","article_modified_time":"2024-04-15T21:19:57+00:00","twitter_card":"summary_large_image","schema":{"@context":"https:\/\/schema.org","@graph":[{"@type":"WebPage","@id":"https:\/\/gaysauna.lt\/naujienos\/","url":"https:\/\/gaysauna.lt\/naujienos\/","name":"Naujienos - Glamour gay sauna Vilnius","isPartOf":{"@id":"https:\/\/gaysauna.lt\/#website"},"datePublished":"2024-04-03T21:29:06+00:00","dateModified":"2024-04-15T21:19:57+00:00","description":"Su\u017einokite naujausias informacij\u0105 apie Glamour gay saun\u0105. \u010cia rasite visas naujienas, aktualijas ir vakar\u0117lius m\u016bs\u0173 saunoje.\"","breadcrumb":{"@id":"https:\/\/gaysauna.lt\/naujienos\/#breadcrumb"},"inLanguage":"en-GB","potentialAction":[{"@type":"ReadAction","target":["https:\/\/gaysauna.lt\/naujienos\/"]}]},{"@type":"BreadcrumbList","@id":"https:\/\/gaysauna.lt\/naujienos\/#breadcrumb","itemListElement":[{"@type":"ListItem","position":1,"name":"Home","item":"https:\/\/gaysauna.lt\/"},{"@type":"ListItem","position":2,"name":"Naujienos"}]},{"@type":"WebSite","@id":"https:\/\/gaysauna.lt\/#website","url":"https:\/\/gaysauna.lt\/","name":"Glamour gay sauna","description":"Vienintel\u0117 gej\u0173 sauna Leituvoje","publisher":{"@id":"https:\/\/gaysauna.lt\/#organization"},"potentialAction":[{"@type":"SearchAction","target":{"@type":"EntryPoint","urlTemplate":"https:\/\/gaysauna.lt\/?s={search_term_string}"},"query-input":"required name=search_term_string"}],"inLanguage":"en-GB"},{"@type":"Organization","@id":"https:\/\/gaysauna.lt\/#organization","name":"Glamour gay sauna","url":"https:\/\/gaysauna.lt\/","logo":{"@type":"ImageObject","inLanguage":"en-GB","@id":"https:\/\/gaysauna.lt\/#\/schema\/logo\/image\/","url":"https:\/\/gaysauna.lt\/wp-content\/uploads\/2024\/04\/cropped-GlamourLogotrn-e1712164569903.png","contentUrl":"https:\/\/gaysauna.lt\/wp-content\/uploads\/2024\/04\/cropped-GlamourLogotrn-e1712164569903.png","width":149,"height":75,"caption":"Glamour gay sauna"},"image":{"@id":"https:\/\/gaysauna.lt\/#\/schema\/logo\/image\/"},"sameAs":["https:\/\/www.facebook.com\/glamourgaysauna"]}]}},"_links":{"self":[{"href":"https:\/\/gaysauna.lt\/en\/wp-json\/wp\/v2\/pages\/81","targetHints":{"allow":["GET"]}}],"collection":[{"href":"https:\/\/gaysauna.lt\/en\/wp-json\/wp\/v2\/pages"}],"about":[{"href":"https:\/\/gaysauna.lt\/en\/wp-json\/wp\/v2\/types\/page"}],"author":[{"embeddable":true,"href":"https:\/\/gaysauna.lt\/en\/wp-json\/wp\/v2\/users\/1"}],"replies":[{"embeddable":true,"href":"https:\/\/gaysauna.lt\/en\/wp-json\/wp\/v2\/comments?post=81"}],"version-history":[{"count":10,"href":"https:\/\/gaysauna.lt\/en\/wp-json\/wp\/v2\/pages\/81\/revisions"}],"predecessor-version":[{"id":534,"href":"https:\/\/gaysauna.lt\/en\/wp-json\/wp\/v2\/pages\/81\/revisions\/534"}],"wp:attachment":[{"href":"https:\/\/gaysauna.lt\/en\/wp-json\/wp\/v2\/media?parent=81"}],"curies":[{"name":"wp","href":"https:\/\/api.w.org\/{rel}","templated":true}]}}